{"id":39,"date":"2020-12-03T16:01:53","date_gmt":"2020-12-03T15:01:53","guid":{"rendered":"http:\/\/www.tandlaegeiskaevinge.dk\/?page_id=39"},"modified":"2023-02-13T18:46:17","modified_gmt":"2023-02-13T17:46:17","slug":"behandlinger","status":"publish","type":"page","link":"https:\/\/www.tandlaegeiskaevinge.dk\/index.php\/behandlinger\/","title":{"rendered":"Behandlinger"},"content":{"rendered":"\n<p>Tandl\u00e6ge klinikken ledes af Karin N\u00f8ddegaard som har mere end 35 \u00e5rs erfaring. Klinikken kan tilbyde de fleste typer af morderne tandbehandling og tandpleje.<br><br>Dette indbefatter:<\/p>\n\n\n\n<ul class=\"wp-block-list\">\n<li>Forbyggende tandpleje med eftersyn, tandrensning, vejledning samt almindelige r\u00f8ntgen og panorama optagelser.<\/li>\n\n\n\n<li>Behandling af t\u00e6nderne med fyldninger, facader, indl\u00e6g og kroner.<\/li>\n\n\n\n<li>Vi kan erstatte manglende t\u00e6nder med broer og \/ eller implantater.<\/li>\n\n\n\n<li>Proteser kan forankres enten til rest t\u00e6nder eller til implantater, s\u00e5 de kan \u201d klikkes\u201d af og p\u00e5.<\/li>\n\n\n\n<li>Rodbehandlinger.<\/li>\n\n\n\n<li>Parodontalbehandlinger.<\/li>\n\n\n\n<li>Blegning af t\u00e6nder, f.eks. med skinner til hjemmeblegning, hvis der er et \u00e6stetisk behov.<\/li>\n<\/ul>\n\n\n\n<p>Vi tilstr\u00e6ber at behandlingerne skal give mindst muligt ubehag, dels ved at give grundig information om behandlingernes udf\u00f8relse og forl\u00f8b, dels ved at lytte til patienterne og give de pauser, der er brug for under behandlingen. Der anvendes lokal bed\u00f8velse til at opn\u00e5 smertefrihed i det omfang, det er \u00f8nsket.<\/p>\n\n\n\n<p>God og uddybende oplysning om de enkelte behandlinger, kan hentes p\u00e5 www.dtfnet.dk, under \u201d for patienter\u201d videre under information om behandlinger. Her st\u00e5r ogs\u00e5 andre oplysninger, som kan v\u00e6re interessant.<\/p>\n\n\n\n<p>Arbejdet p\u00e5 klinikken udf\u00f8res efter g\u00e6ngse retningslinjer.<\/p>\n","protected":false},"excerpt":{"rendered":"<p>Tandl\u00e6ge klinikken ledes af Karin N\u00f8ddegaard som har mere end 35 \u00e5rs erfaring. Klinikken kan tilbyde de fleste typer af morderne tandbehandling og tandpleje. Dette indbefatter: Vi tilstr\u00e6ber at behandlingerne skal give mindst muligt ubehag, dels ved at give grundig information om behandlingernes udf\u00f8relse og forl\u00f8b, dels ved at lytte til patienterne og give de&hellip;<\/p>\n","protected":false},"author":1,"featured_media":0,"parent":0,"menu_order":0,"comment_status":"closed","ping_status":"closed","template":"","meta":{"footnotes":""},"class_list":["post-39","page","type-page","status-publish","hentry"],"_links":{"self":[{"href":"https:\/\/www.tandlaegeiskaevinge.dk\/index.php\/wp-json\/wp\/v2\/pages\/39","targetHints":{"allow":["GET"]}}],"collection":[{"href":"https:\/\/www.tandlaegeiskaevinge.dk\/index.php\/wp-json\/wp\/v2\/pages"}],"about":[{"href":"https:\/\/www.tandlaegeiskaevinge.dk\/index.php\/wp-json\/wp\/v2\/types\/page"}],"author":[{"embeddable":true,"href":"https:\/\/www.tandlaegeiskaevinge.dk\/index.php\/wp-json\/wp\/v2\/users\/1"}],"replies":[{"embeddable":true,"href":"https:\/\/www.tandlaegeiskaevinge.dk\/index.php\/wp-json\/wp\/v2\/comments?post=39"}],"version-history":[{"count":4,"href":"https:\/\/www.tandlaegeiskaevinge.dk\/index.php\/wp-json\/wp\/v2\/pages\/39\/revisions"}],"predecessor-version":[{"id":116,"href":"https:\/\/www.tandlaegeiskaevinge.dk\/index.php\/wp-json\/wp\/v2\/pages\/39\/revisions\/116"}],"wp:attachment":[{"href":"https:\/\/www.tandlaegeiskaevinge.dk\/index.php\/wp-json\/wp\/v2\/media?parent=39"}],"curies":[{"name":"wp","href":"https:\/\/api.w.org\/{rel}","templated":true}]}}